{"id":8348,"date":"2020-02-17T13:27:43","date_gmt":"2020-02-17T12:27:43","guid":{"rendered":"https:\/\/phibo.com\/calidad\/"},"modified":"2024-01-24T09:33:18","modified_gmt":"2024-01-24T08:33:18","slug":"quality","status":"publish","type":"page","link":"https:\/\/phibodent.com\/en\/training-services\/documentation\/quality\/","title":{"rendered":"Quality"},"content":{"rendered":"\t\t<div data-elementor-type=\"wp-page\" data-elementor-id=\"8348\" class=\"elementor elementor-8348 elementor-3707\" data-elementor-settings=\"[]\">\n\t\t\t\t\t\t<div class=\"elementor-inner\">\n\t\t\t\t\t\t\t<div class=\"elementor-section-wrap\">\n\t\t\t\t\t\t\t<section class=\"has_ae_slider elementor-section elementor-top-section elementor-element elementor-element-ff82499 elementor-section-boxed elementor-section-height-default elementor-section-height-default ae-bg-gallery-type-default\" data-id=\"ff82499\" data-element_type=\"section\" data-settings=\"{&quot;background_background&quot;:&quot;classic&quot;}\">\n\t\t\t\t\t\t<div class=\"elementor-container elementor-column-gap-default\">\n\t\t\t\t\t\t\t<div class=\"elementor-row\">\n\t\t\t\t\t<div class=\"has_ae_slider elementor-column elementor-col-100 elementor-top-column elementor-element elementor-element-949ce7c ae-bg-gallery-type-default\" data-id=\"949ce7c\" data-element_type=\"column\">\n\t\t\t<div class=\"elementor-column-wrap elementor-element-populated\">\n\t\t\t\t\t\t\t<div class=\"elementor-widget-wrap\">\n\t\t\t\t\t\t<div class=\"elementor-element elementor-element-640fb18 elementor-widget elementor-widget-shortcode\" data-id=\"640fb18\" data-element_type=\"widget\" id=\"searcher\" data-widget_type=\"shortcode.default\">\n\t\t\t\t<div class=\"elementor-widget-container\">\n\t\t\t\t\t<div class=\"elementor-shortcode\">\n    <form role=\"search\" method=\"get\" class=\"clvx-search-form\" action=\"\">\n      <input type=\"search\" class=\"search-field\" name=\"customsearch\" value=\"\">\n      <input type=\"submit\" class=\"search-submit\" value=\"Search\">\n    <\/form><\/div>\n\t\t\t\t<\/div>\n\t\t\t\t<\/div>\n\t\t\t\t<div class=\"elementor-element elementor-element-75eec1d post-paginator ae-post-layout-grid elementor-widget elementor-widget-ae-post-blocks\" data-id=\"75eec1d\" data-element_type=\"widget\" data-widget_type=\"ae-post-blocks.default\">\n\t\t\t\t<div class=\"elementor-widget-container\">\n\t\t\t\t\t\t\t\t<div class=\"ae-post-overlay\">\n\t\t\t\t<div class=\"ae-post-overlay-wrapper\">\n\t\t\t\t\t<div class=\"ae-post-overlay-icon\">\n\t\t\t\t\t\t<i aria-hidden=\"true\" class=\"fa fa-sync\"><\/i>\t\t\t\t\t<\/div>\n\t\t\t\t\t<div class=\"ae-post-overlay-text\">\n\t\t\t\t\t\tLoading...\t\t\t\t\t<\/div>\n\t\t\t\t<\/div>\n\t\t\t<\/div>\n\t\t\n\t\t\t\t\t\t\t\t<div data-pid=\"8348\" data-wid=\"75eec1d\" data-source=\"documentacion\" class=\"ae-post-widget-wrapper ae-masonry- ae-hpos- ae-vpos- no-ajax\">\n\t\t\n\t\t\t\t<div class=\"ae-post-list-wrapper\">\n\t\t\t\n\t\t<article class=\"ae-post-list-item ae-post-list-item-75eec1d\">\n\t\t\t<div class=\"ae-article-inner\">\n\t\t\t\t<div class=\"ae_data elementor elementor-2376\">\n\t\t\t\t\t\t\t<div data-elementor-type=\"wp-post\" data-elementor-id=\"2376\" class=\"elementor elementor-2376\" data-elementor-settings=\"[]\">\n\t\t\t\t\t\t<div class=\"elementor-inner\">\n\t\t\t\t\t\t\t<div class=\"elementor-section-wrap\">\n\t\t\t\t\t\t\t<section class=\"has_ae_slider elementor-section elementor-top-section elementor-element elementor-element-3850b05 elementor-section-boxed elementor-section-height-default elementor-section-height-default ae-bg-gallery-type-default\" data-id=\"3850b05\" data-element_type=\"section\">\n\t\t\t\t\t\t<div class=\"elementor-container elementor-column-gap-default\">\n\t\t\t\t\t\t\t<div class=\"elementor-row\">\n\t\t\t\t\t<div class=\"has_ae_slider elementor-column elementor-col-100 elementor-top-column elementor-element elementor-element-876efb2 ae-bg-gallery-type-default\" data-id=\"876efb2\" data-element_type=\"column\">\n\t\t\t<div class=\"elementor-column-wrap elementor-element-populated\">\n\t\t\t\t\t\t\t<div class=\"elementor-widget-wrap\">\n\t\t\t\t\t\t<div class=\"elementor-element elementor-element-696bf64 elementor-widget elementor-widget-image\" data-id=\"696bf64\" data-element_type=\"widget\" data-widget_type=\"image.default\">\n\t\t\t\t<div class=\"elementor-widget-container\">\n\t\t\t\t\t\t\t\t<div class=\"elementor-image\">\n\t\t\t\t\t\t\t\t\t\t\t\t<img width=\"500\" height=\"500\" src=\"https:\/\/phibodent.com\/wp-content\/uploads\/programa-garantia-cadcam.jpg\" class=\"attachment-medium_large size-medium_large\" alt=\"\" loading=\"lazy\" \/>\t\t\t\t\t\t\t\t\t\t\t\t\t\t<\/div>\n\t\t\t\t\t\t<\/div>\n\t\t\t\t<\/div>\n\t\t\t\t\t\t<\/div>\n\t\t\t\t\t<\/div>\n\t\t<\/div>\n\t\t\t\t\t\t\t\t<\/div>\n\t\t\t\t\t<\/div>\n\t\t<\/section>\n\t\t\t\t<section class=\"has_ae_slider elementor-section elementor-top-section elementor-element elementor-element-aab024a elementor-section-boxed elementor-section-height-default elementor-section-height-default ae-bg-gallery-type-default\" data-id=\"aab024a\" data-element_type=\"section\">\n\t\t\t\t\t\t<div class=\"elementor-container elementor-column-gap-default\">\n\t\t\t\t\t\t\t<div class=\"elementor-row\">\n\t\t\t\t\t<div class=\"has_ae_slider elementor-column elementor-col-33 elementor-top-column elementor-element elementor-element-c94d326 ae-bg-gallery-type-default\" data-id=\"c94d326\" data-element_type=\"column\">\n\t\t\t<div class=\"elementor-column-wrap elementor-element-populated\">\n\t\t\t\t\t\t\t<div class=\"elementor-widget-wrap\">\n\t\t\t\t\t\t<div class=\"elementor-element elementor-element-0fb7c40 elementor-view-default elementor-widget elementor-widget-icon\" data-id=\"0fb7c40\" data-element_type=\"widget\" data-widget_type=\"icon.default\">\n\t\t\t\t<div class=\"elementor-widget-container\">\n\t\t\t\t\t<div class=\"elementor-icon-wrapper\">\n\t\t\t<a class=\"elementor-icon\" href=\"https:\/\/phibodent.com\/wp-content\/uploads\/guarantee-program-phibo-cad-cam-en.pdf\" target=\"_blank\" rel=\"nofollow\">\n\t\t\t<i aria-hidden=\"true\" class=\"fal fa-file-pdf\"><\/i>\t\t\t<\/a>\n\t\t<\/div>\n\t\t\t\t<\/div>\n\t\t\t\t<\/div>\n\t\t\t\t\t\t<\/div>\n\t\t\t\t\t<\/div>\n\t\t<\/div>\n\t\t\t\t<div class=\"has_ae_slider elementor-column elementor-col-33 elementor-top-column elementor-element elementor-element-eef3e39 ae-bg-gallery-type-default\" data-id=\"eef3e39\" data-element_type=\"column\">\n\t\t\t<div class=\"elementor-column-wrap elementor-element-populated\">\n\t\t\t\t\t\t\t<div class=\"elementor-widget-wrap\">\n\t\t\t\t\t\t<div class=\"elementor-element elementor-element-8582f4a elementor-widget elementor-widget-heading\" data-id=\"8582f4a\" data-element_type=\"widget\" data-widget_type=\"heading.default\">\n\t\t\t\t<div class=\"elementor-widget-container\">\n\t\t\t<div class=\"elementor-heading-title elementor-size-default\"><a href=\"https:\/\/phibodent.com\/wp-content\/uploads\/guarantee-program-phibo-cad-cam-en.pdf\" target=\"_blank\" rel=\"nofollow\">Guarantee Program Phibo CAD-CAM_EN<\/a><\/div>\t\t<\/div>\n\t\t\t\t<\/div>\n\t\t\t\t\t\t<\/div>\n\t\t\t\t\t<\/div>\n\t\t<\/div>\n\t\t\t\t<div class=\"has_ae_slider elementor-column elementor-col-33 elementor-top-column elementor-element elementor-element-3f9fa7a ae-bg-gallery-type-default\" data-id=\"3f9fa7a\" data-element_type=\"column\">\n\t\t\t<div class=\"elementor-column-wrap elementor-element-populated\">\n\t\t\t\t\t\t\t<div class=\"elementor-widget-wrap\">\n\t\t\t\t\t\t<div class=\"elementor-element elementor-element-426cde2 elementor-view-default elementor-widget elementor-widget-icon\" data-id=\"426cde2\" data-element_type=\"widget\" data-widget_type=\"icon.default\">\n\t\t\t\t<div class=\"elementor-widget-container\">\n\t\t\t\t\t<div class=\"elementor-icon-wrapper\">\n\t\t\t<a class=\"elementor-icon\" href=\"https:\/\/phibodent.com\/wp-content\/uploads\/guarantee-program-phibo-cad-cam-en.pdf\" target=\"_blank\" rel=\"nofollow\">\n\t\t\t<i aria-hidden=\"true\" class=\"fal fa-arrow-to-bottom\"><\/i>\t\t\t<\/a>\n\t\t<\/div>\n\t\t\t\t<\/div>\n\t\t\t\t<\/div>\n\t\t\t\t\t\t<\/div>\n\t\t\t\t\t<\/div>\n\t\t<\/div>\n\t\t\t\t\t\t\t\t<\/div>\n\t\t\t\t\t<\/div>\n\t\t<\/section>\n\t\t\t\t\t\t<\/div>\n\t\t\t\t\t\t<\/div>\n\t\t\t\t\t<\/div>\n\t\t\t\t\t\t<\/div>\n\t\t\t<\/div>\n\t\t<\/article>\n\n\t\t\n\t\t<article class=\"ae-post-list-item ae-post-list-item-75eec1d\">\n\t\t\t<div class=\"ae-article-inner\">\n\t\t\t\t<div class=\"ae_data elementor elementor-2376\">\n\t\t\t\t\t\t\t<div data-elementor-type=\"wp-post\" data-elementor-id=\"2376\" class=\"elementor elementor-2376\" data-elementor-settings=\"[]\">\n\t\t\t\t\t\t<div class=\"elementor-inner\">\n\t\t\t\t\t\t\t<div class=\"elementor-section-wrap\">\n\t\t\t\t\t\t\t<section class=\"has_ae_slider elementor-section elementor-top-section elementor-element elementor-element-3850b05 elementor-section-boxed elementor-section-height-default elementor-section-height-default ae-bg-gallery-type-default\" data-id=\"3850b05\" data-element_type=\"section\">\n\t\t\t\t\t\t<div class=\"elementor-container elementor-column-gap-default\">\n\t\t\t\t\t\t\t<div class=\"elementor-row\">\n\t\t\t\t\t<div class=\"has_ae_slider elementor-column elementor-col-100 elementor-top-column elementor-element elementor-element-876efb2 ae-bg-gallery-type-default\" data-id=\"876efb2\" data-element_type=\"column\">\n\t\t\t<div class=\"elementor-column-wrap elementor-element-populated\">\n\t\t\t\t\t\t\t<div class=\"elementor-widget-wrap\">\n\t\t\t\t\t\t<div class=\"elementor-element elementor-element-696bf64 elementor-widget elementor-widget-image\" data-id=\"696bf64\" data-element_type=\"widget\" data-widget_type=\"image.default\">\n\t\t\t\t<div class=\"elementor-widget-container\">\n\t\t\t\t\t\t\t\t<div class=\"elementor-image\">\n\t\t\t\t\t\t\t\t\t\t\t\t<img width=\"500\" height=\"500\" src=\"https:\/\/phibodent.com\/wp-content\/uploads\/programa-garantia-dental.jpg\" class=\"attachment-medium_large size-medium_large\" alt=\"\" loading=\"lazy\" \/>\t\t\t\t\t\t\t\t\t\t\t\t\t\t<\/div>\n\t\t\t\t\t\t<\/div>\n\t\t\t\t<\/div>\n\t\t\t\t\t\t<\/div>\n\t\t\t\t\t<\/div>\n\t\t<\/div>\n\t\t\t\t\t\t\t\t<\/div>\n\t\t\t\t\t<\/div>\n\t\t<\/section>\n\t\t\t\t<section class=\"has_ae_slider elementor-section elementor-top-section elementor-element elementor-element-aab024a elementor-section-boxed elementor-section-height-default elementor-section-height-default ae-bg-gallery-type-default\" data-id=\"aab024a\" data-element_type=\"section\">\n\t\t\t\t\t\t<div class=\"elementor-container elementor-column-gap-default\">\n\t\t\t\t\t\t\t<div class=\"elementor-row\">\n\t\t\t\t\t<div class=\"has_ae_slider elementor-column elementor-col-33 elementor-top-column elementor-element elementor-element-c94d326 ae-bg-gallery-type-default\" data-id=\"c94d326\" data-element_type=\"column\">\n\t\t\t<div class=\"elementor-column-wrap elementor-element-populated\">\n\t\t\t\t\t\t\t<div class=\"elementor-widget-wrap\">\n\t\t\t\t\t\t<div class=\"elementor-element elementor-element-0fb7c40 elementor-view-default elementor-widget elementor-widget-icon\" data-id=\"0fb7c40\" data-element_type=\"widget\" data-widget_type=\"icon.default\">\n\t\t\t\t<div class=\"elementor-widget-container\">\n\t\t\t\t\t<div class=\"elementor-icon-wrapper\">\n\t\t\t<a class=\"elementor-icon\" href=\"https:\/\/phibodent.com\/wp-content\/uploads\/Programa-de-garantia-Phibo-Dental.pdf\" target=\"_blank\" rel=\"nofollow\">\n\t\t\t<i aria-hidden=\"true\" class=\"fal fa-file-pdf\"><\/i>\t\t\t<\/a>\n\t\t<\/div>\n\t\t\t\t<\/div>\n\t\t\t\t<\/div>\n\t\t\t\t\t\t<\/div>\n\t\t\t\t\t<\/div>\n\t\t<\/div>\n\t\t\t\t<div class=\"has_ae_slider elementor-column elementor-col-33 elementor-top-column elementor-element elementor-element-eef3e39 ae-bg-gallery-type-default\" data-id=\"eef3e39\" data-element_type=\"column\">\n\t\t\t<div class=\"elementor-column-wrap elementor-element-populated\">\n\t\t\t\t\t\t\t<div class=\"elementor-widget-wrap\">\n\t\t\t\t\t\t<div class=\"elementor-element elementor-element-8582f4a elementor-widget elementor-widget-heading\" data-id=\"8582f4a\" data-element_type=\"widget\" data-widget_type=\"heading.default\">\n\t\t\t\t<div class=\"elementor-widget-container\">\n\t\t\t<div class=\"elementor-heading-title elementor-size-default\"><a href=\"https:\/\/phibodent.com\/wp-content\/uploads\/Programa-de-garantia-Phibo-Dental.pdf\" target=\"_blank\" rel=\"nofollow\">Programa de garant\u00eda Phibo Dental<\/a><\/div>\t\t<\/div>\n\t\t\t\t<\/div>\n\t\t\t\t\t\t<\/div>\n\t\t\t\t\t<\/div>\n\t\t<\/div>\n\t\t\t\t<div class=\"has_ae_slider elementor-column elementor-col-33 elementor-top-column elementor-element elementor-element-3f9fa7a ae-bg-gallery-type-default\" data-id=\"3f9fa7a\" data-element_type=\"column\">\n\t\t\t<div class=\"elementor-column-wrap elementor-element-populated\">\n\t\t\t\t\t\t\t<div class=\"elementor-widget-wrap\">\n\t\t\t\t\t\t<div class=\"elementor-element elementor-element-426cde2 elementor-view-default elementor-widget elementor-widget-icon\" data-id=\"426cde2\" data-element_type=\"widget\" data-widget_type=\"icon.default\">\n\t\t\t\t<div class=\"elementor-widget-container\">\n\t\t\t\t\t<div class=\"elementor-icon-wrapper\">\n\t\t\t<a class=\"elementor-icon\" href=\"https:\/\/phibodent.com\/wp-content\/uploads\/Programa-de-garantia-Phibo-Dental.pdf\" target=\"_blank\" rel=\"nofollow\">\n\t\t\t<i aria-hidden=\"true\" class=\"fal fa-arrow-to-bottom\"><\/i>\t\t\t<\/a>\n\t\t<\/div>\n\t\t\t\t<\/div>\n\t\t\t\t<\/div>\n\t\t\t\t\t\t<\/div>\n\t\t\t\t\t<\/div>\n\t\t<\/div>\n\t\t\t\t\t\t\t\t<\/div>\n\t\t\t\t\t<\/div>\n\t\t<\/section>\n\t\t\t\t\t\t<\/div>\n\t\t\t\t\t\t<\/div>\n\t\t\t\t\t<\/div>\n\t\t\t\t\t\t<\/div>\n\t\t\t<\/div>\n\t\t<\/article>\n\n\t\t\n\t\t<article class=\"ae-post-list-item ae-post-list-item-75eec1d\">\n\t\t\t<div class=\"ae-article-inner\">\n\t\t\t\t<div class=\"ae_data elementor elementor-2376\">\n\t\t\t\t\t\t\t<div data-elementor-type=\"wp-post\" data-elementor-id=\"2376\" class=\"elementor elementor-2376\" data-elementor-settings=\"[]\">\n\t\t\t\t\t\t<div class=\"elementor-inner\">\n\t\t\t\t\t\t\t<div class=\"elementor-section-wrap\">\n\t\t\t\t\t\t\t<section class=\"has_ae_slider elementor-section elementor-top-section elementor-element elementor-element-3850b05 elementor-section-boxed elementor-section-height-default elementor-section-height-default ae-bg-gallery-type-default\" data-id=\"3850b05\" data-element_type=\"section\">\n\t\t\t\t\t\t<div class=\"elementor-container elementor-column-gap-default\">\n\t\t\t\t\t\t\t<div class=\"elementor-row\">\n\t\t\t\t\t<div class=\"has_ae_slider elementor-column elementor-col-100 elementor-top-column elementor-element elementor-element-876efb2 ae-bg-gallery-type-default\" data-id=\"876efb2\" data-element_type=\"column\">\n\t\t\t<div class=\"elementor-column-wrap elementor-element-populated\">\n\t\t\t\t\t\t\t<div class=\"elementor-widget-wrap\">\n\t\t\t\t\t\t<div class=\"elementor-element elementor-element-696bf64 elementor-widget elementor-widget-image\" data-id=\"696bf64\" data-element_type=\"widget\" data-widget_type=\"image.default\">\n\t\t\t\t<div class=\"elementor-widget-container\">\n\t\t\t\t\t\t\t\t<div class=\"elementor-image\">\n\t\t\t\t\t\t\t\t\t\t\t\t<img width=\"500\" height=\"500\" src=\"https:\/\/phibodent.com\/wp-content\/uploads\/programa-garantia-cadcam.jpg\" class=\"attachment-medium_large size-medium_large\" alt=\"\" loading=\"lazy\" \/>\t\t\t\t\t\t\t\t\t\t\t\t\t\t<\/div>\n\t\t\t\t\t\t<\/div>\n\t\t\t\t<\/div>\n\t\t\t\t\t\t<\/div>\n\t\t\t\t\t<\/div>\n\t\t<\/div>\n\t\t\t\t\t\t\t\t<\/div>\n\t\t\t\t\t<\/div>\n\t\t<\/section>\n\t\t\t\t<section class=\"has_ae_slider elementor-section elementor-top-section elementor-element elementor-element-aab024a elementor-section-boxed elementor-section-height-default elementor-section-height-default ae-bg-gallery-type-default\" data-id=\"aab024a\" data-element_type=\"section\">\n\t\t\t\t\t\t<div class=\"elementor-container elementor-column-gap-default\">\n\t\t\t\t\t\t\t<div class=\"elementor-row\">\n\t\t\t\t\t<div class=\"has_ae_slider elementor-column elementor-col-33 elementor-top-column elementor-element elementor-element-c94d326 ae-bg-gallery-type-default\" data-id=\"c94d326\" data-element_type=\"column\">\n\t\t\t<div class=\"elementor-column-wrap elementor-element-populated\">\n\t\t\t\t\t\t\t<div class=\"elementor-widget-wrap\">\n\t\t\t\t\t\t<div class=\"elementor-element elementor-element-0fb7c40 elementor-view-default elementor-widget elementor-widget-icon\" data-id=\"0fb7c40\" data-element_type=\"widget\" data-widget_type=\"icon.default\">\n\t\t\t\t<div class=\"elementor-widget-container\">\n\t\t\t\t\t<div class=\"elementor-icon-wrapper\">\n\t\t\t<a class=\"elementor-icon\" href=\"https:\/\/phibodent.com\/wp-content\/uploads\/Programa-de-garantia-Phibo-CAD-CAM.pdf\" target=\"_blank\" rel=\"nofollow\">\n\t\t\t<i aria-hidden=\"true\" class=\"fal fa-file-pdf\"><\/i>\t\t\t<\/a>\n\t\t<\/div>\n\t\t\t\t<\/div>\n\t\t\t\t<\/div>\n\t\t\t\t\t\t<\/div>\n\t\t\t\t\t<\/div>\n\t\t<\/div>\n\t\t\t\t<div class=\"has_ae_slider elementor-column elementor-col-33 elementor-top-column elementor-element elementor-element-eef3e39 ae-bg-gallery-type-default\" data-id=\"eef3e39\" data-element_type=\"column\">\n\t\t\t<div class=\"elementor-column-wrap elementor-element-populated\">\n\t\t\t\t\t\t\t<div class=\"elementor-widget-wrap\">\n\t\t\t\t\t\t<div class=\"elementor-element elementor-element-8582f4a elementor-widget elementor-widget-heading\" data-id=\"8582f4a\" data-element_type=\"widget\" data-widget_type=\"heading.default\">\n\t\t\t\t<div class=\"elementor-widget-container\">\n\t\t\t<div class=\"elementor-heading-title elementor-size-default\"><a href=\"https:\/\/phibodent.com\/wp-content\/uploads\/Programa-de-garantia-Phibo-CAD-CAM.pdf\" target=\"_blank\" rel=\"nofollow\">Programa de garant\u00eda Phibo CAD-CAM<\/a><\/div>\t\t<\/div>\n\t\t\t\t<\/div>\n\t\t\t\t\t\t<\/div>\n\t\t\t\t\t<\/div>\n\t\t<\/div>\n\t\t\t\t<div class=\"has_ae_slider elementor-column elementor-col-33 elementor-top-column elementor-element elementor-element-3f9fa7a ae-bg-gallery-type-default\" data-id=\"3f9fa7a\" data-element_type=\"column\">\n\t\t\t<div class=\"elementor-column-wrap elementor-element-populated\">\n\t\t\t\t\t\t\t<div class=\"elementor-widget-wrap\">\n\t\t\t\t\t\t<div class=\"elementor-element elementor-element-426cde2 elementor-view-default elementor-widget elementor-widget-icon\" data-id=\"426cde2\" data-element_type=\"widget\" data-widget_type=\"icon.default\">\n\t\t\t\t<div class=\"elementor-widget-container\">\n\t\t\t\t\t<div class=\"elementor-icon-wrapper\">\n\t\t\t<a class=\"elementor-icon\" href=\"https:\/\/phibodent.com\/wp-content\/uploads\/Programa-de-garantia-Phibo-CAD-CAM.pdf\" target=\"_blank\" rel=\"nofollow\">\n\t\t\t<i aria-hidden=\"true\" class=\"fal fa-arrow-to-bottom\"><\/i>\t\t\t<\/a>\n\t\t<\/div>\n\t\t\t\t<\/div>\n\t\t\t\t<\/div>\n\t\t\t\t\t\t<\/div>\n\t\t\t\t\t<\/div>\n\t\t<\/div>\n\t\t\t\t\t\t\t\t<\/div>\n\t\t\t\t\t<\/div>\n\t\t<\/section>\n\t\t\t\t\t\t<\/div>\n\t\t\t\t\t\t<\/div>\n\t\t\t\t\t<\/div>\n\t\t\t\t\t\t<\/div>\n\t\t\t<\/div>\n\t\t<\/article>\n\n\t\t\t\t<\/div>\n\t\t\t\t\n\n\n\t\t\n\t\t\t\t\t<\/div>\n\t\t\n\t\t\t\t<\/div>\n\t\t\t\t<\/div>\n\t\t\t\t<div class=\"elementor-element elementor-element-34ead05 elementor-widget elementor-widget-spacer\" data-id=\"34ead05\" data-element_type=\"widget\" data-widget_type=\"spacer.default\">\n\t\t\t\t<div class=\"elementor-widget-container\">\n\t\t\t\t\t<div class=\"elementor-spacer\">\n\t\t\t<div class=\"elementor-spacer-inner\"><\/div>\n\t\t<\/div>\n\t\t\t\t<\/div>\n\t\t\t\t<\/div>\n\t\t\t\t\t\t<\/div>\n\t\t\t\t\t<\/div>\n\t\t<\/div>\n\t\t\t\t\t\t\t\t<\/div>\n\t\t\t\t\t<\/div>\n\t\t<\/section>\n\t\t\t\t\t\t<\/div>\n\t\t\t\t\t\t<\/div>\n\t\t\t\t\t<\/div>\n\t\t","protected":false},"excerpt":{"rendered":"<p>Loading&#8230;<\/p>\n","protected":false},"author":4,"featured_media":0,"parent":8352,"menu_order":2,"comment_status":"closed","ping_status":"closed","template":"","meta":[],"yoast_head":"<!-- This site is optimized with the Yoast SEO plugin v17.6 - https:\/\/yoast.com\/wordpress\/plugins\/seo\/ -->\n<title>Quality | Phibo<\/title>\n<meta name=\"robots\" content=\"index, follow, max-snippet:-1, max-image-preview:large, max-video-preview:-1\" \/>\n<link rel=\"canonical\" href=\"https:\/\/phibodent.com\/en\/training-services\/documentation\/quality\/\" \/>\n<meta property=\"og:locale\" content=\"en_US\" \/>\n<meta property=\"og:type\" content=\"article\" \/>\n<meta property=\"og:title\" content=\"Quality | Phibo\" \/>\n<meta property=\"og:description\" content=\"Loading&#8230;\" \/>\n<meta property=\"og:url\" content=\"https:\/\/phibodent.com\/en\/training-services\/documentation\/quality\/\" \/>\n<meta property=\"og:site_name\" content=\"Phibo\" \/>\n<meta property=\"article:modified_time\" content=\"2024-01-24T08:33:18+00:00\" \/>\n<meta name=\"twitter:card\" content=\"summary_large_image\" \/>\n<meta name=\"twitter:label1\" content=\"Est. reading time\" \/>\n\t<meta name=\"twitter:data1\" content=\"2 minutes\" \/>\n<script type=\"application\/ld+json\" class=\"yoast-schema-graph\">{\"@context\":\"https:\/\/schema.org\",\"@graph\":[{\"@type\":\"Organization\",\"@id\":\"https:\/\/phibodent.com\/en\/#organization\",\"name\":\"Phibo\",\"url\":\"https:\/\/phibodent.com\/en\/\",\"sameAs\":[],\"logo\":{\"@type\":\"ImageObject\",\"@id\":\"https:\/\/phibodent.com\/en\/#logo\",\"inLanguage\":\"en-US\",\"url\":\"https:\/\/phibo.com\/wp-content\/uploads\/admin-logo.png\",\"contentUrl\":\"https:\/\/phibo.com\/wp-content\/uploads\/admin-logo.png\",\"width\":1224,\"height\":575,\"caption\":\"Phibo\"},\"image\":{\"@id\":\"https:\/\/phibodent.com\/en\/#logo\"}},{\"@type\":\"WebSite\",\"@id\":\"https:\/\/phibodent.com\/en\/#website\",\"url\":\"https:\/\/phibodent.com\/en\/\",\"name\":\"Phibo\",\"description\":\"Compa\\u00f1\\u00eda de referencia en odontolog\\u00eda digital que promueve el crecimiento a trav\\u00e9s de soluciones innovadoras\",\"publisher\":{\"@id\":\"https:\/\/phibodent.com\/en\/#organization\"},\"potentialAction\":[{\"@type\":\"SearchAction\",\"target\":{\"@type\":\"EntryPoint\",\"urlTemplate\":\"https:\/\/phibodent.com\/en\/?s={search_term_string}\"},\"query-input\":\"required name=search_term_string\"}],\"inLanguage\":\"en-US\"},{\"@type\":\"WebPage\",\"@id\":\"https:\/\/phibodent.com\/en\/training-services\/documentation\/quality\/#webpage\",\"url\":\"https:\/\/phibodent.com\/en\/training-services\/documentation\/quality\/\",\"name\":\"Quality | Phibo\",\"isPartOf\":{\"@id\":\"https:\/\/phibodent.com\/en\/#website\"},\"datePublished\":\"2020-02-17T12:27:43+00:00\",\"dateModified\":\"2024-01-24T08:33:18+00:00\",\"breadcrumb\":{\"@id\":\"https:\/\/phibodent.com\/en\/training-services\/documentation\/quality\/#breadcrumb\"},\"inLanguage\":\"en-US\",\"potentialAction\":[{\"@type\":\"ReadAction\",\"target\":[\"https:\/\/phibodent.com\/en\/training-services\/documentation\/quality\/\"]}]},{\"@type\":\"BreadcrumbList\",\"@id\":\"https:\/\/phibodent.com\/en\/training-services\/documentation\/quality\/#breadcrumb\",\"itemListElement\":[{\"@type\":\"ListItem\",\"position\":1,\"name\":\"\",\"item\":\"https:\/\/phibodent.com\/en\/\"},{\"@type\":\"ListItem\",\"position\":2,\"name\":\"Training &#038; Services\",\"item\":\"https:\/\/phibodent.com\/en\/training-services\/\"},{\"@type\":\"ListItem\",\"position\":3,\"name\":\"Documentation\",\"item\":\"https:\/\/phibodent.com\/en\/training-services\/documentation\/\"},{\"@type\":\"ListItem\",\"position\":4,\"name\":\"Quality\"}]}]}<\/script>\n<!-- \/ Yoast SEO plugin. -->","yoast_head_json":{"title":"Quality | Phibo","robots":{"index":"index","follow":"follow","max-snippet":"max-snippet:-1","max-image-preview":"max-image-preview:large","max-video-preview":"max-video-preview:-1"},"canonical":"https:\/\/phibodent.com\/en\/training-services\/documentation\/quality\/","og_locale":"en_US","og_type":"article","og_title":"Quality | Phibo","og_description":"Loading&#8230;","og_url":"https:\/\/phibodent.com\/en\/training-services\/documentation\/quality\/","og_site_name":"Phibo","article_modified_time":"2024-01-24T08:33:18+00:00","twitter_card":"summary_large_image","twitter_misc":{"Est. reading time":"2 minutes"},"schema":{"@context":"https:\/\/schema.org","@graph":[{"@type":"Organization","@id":"https:\/\/phibodent.com\/en\/#organization","name":"Phibo","url":"https:\/\/phibodent.com\/en\/","sameAs":[],"logo":{"@type":"ImageObject","@id":"https:\/\/phibodent.com\/en\/#logo","inLanguage":"en-US","url":"https:\/\/phibo.com\/wp-content\/uploads\/admin-logo.png","contentUrl":"https:\/\/phibo.com\/wp-content\/uploads\/admin-logo.png","width":1224,"height":575,"caption":"Phibo"},"image":{"@id":"https:\/\/phibodent.com\/en\/#logo"}},{"@type":"WebSite","@id":"https:\/\/phibodent.com\/en\/#website","url":"https:\/\/phibodent.com\/en\/","name":"Phibo","description":"Compa\u00f1\u00eda de referencia en odontolog\u00eda digital que promueve el crecimiento a trav\u00e9s de soluciones innovadoras","publisher":{"@id":"https:\/\/phibodent.com\/en\/#organization"},"potentialAction":[{"@type":"SearchAction","target":{"@type":"EntryPoint","urlTemplate":"https:\/\/phibodent.com\/en\/?s={search_term_string}"},"query-input":"required name=search_term_string"}],"inLanguage":"en-US"},{"@type":"WebPage","@id":"https:\/\/phibodent.com\/en\/training-services\/documentation\/quality\/#webpage","url":"https:\/\/phibodent.com\/en\/training-services\/documentation\/quality\/","name":"Quality | Phibo","isPartOf":{"@id":"https:\/\/phibodent.com\/en\/#website"},"datePublished":"2020-02-17T12:27:43+00:00","dateModified":"2024-01-24T08:33:18+00:00","breadcrumb":{"@id":"https:\/\/phibodent.com\/en\/training-services\/documentation\/quality\/#breadcrumb"},"inLanguage":"en-US","potentialAction":[{"@type":"ReadAction","target":["https:\/\/phibodent.com\/en\/training-services\/documentation\/quality\/"]}]},{"@type":"BreadcrumbList","@id":"https:\/\/phibodent.com\/en\/training-services\/documentation\/quality\/#breadcrumb","itemListElement":[{"@type":"ListItem","position":1,"name":"","item":"https:\/\/phibodent.com\/en\/"},{"@type":"ListItem","position":2,"name":"Training &#038; Services","item":"https:\/\/phibodent.com\/en\/training-services\/"},{"@type":"ListItem","position":3,"name":"Documentation","item":"https:\/\/phibodent.com\/en\/training-services\/documentation\/"},{"@type":"ListItem","position":4,"name":"Quality"}]}]}},"_links":{"self":[{"href":"https:\/\/phibodent.com\/en\/wp-json\/wp\/v2\/pages\/8348"}],"collection":[{"href":"https:\/\/phibodent.com\/en\/wp-json\/wp\/v2\/pages"}],"about":[{"href":"https:\/\/phibodent.com\/en\/wp-json\/wp\/v2\/types\/page"}],"author":[{"embeddable":true,"href":"https:\/\/phibodent.com\/en\/wp-json\/wp\/v2\/users\/4"}],"replies":[{"embeddable":true,"href":"https:\/\/phibodent.com\/en\/wp-json\/wp\/v2\/comments?post=8348"}],"version-history":[{"count":7,"href":"https:\/\/phibodent.com\/en\/wp-json\/wp\/v2\/pages\/8348\/revisions"}],"predecessor-version":[{"id":28011,"href":"https:\/\/phibodent.com\/en\/wp-json\/wp\/v2\/pages\/8348\/revisions\/28011"}],"up":[{"embeddable":true,"href":"https:\/\/phibodent.com\/en\/wp-json\/wp\/v2\/pages\/8352"}],"wp:attachment":[{"href":"https:\/\/phibodent.com\/en\/wp-json\/wp\/v2\/media?parent=8348"}],"curies":[{"name":"wp","href":"https:\/\/api.w.org\/{rel}","templated":true}]}}