{"id":10838,"date":"2020-02-11T17:34:18","date_gmt":"2020-02-11T16:34:18","guid":{"rendered":"https:\/\/phibo.com\/protesis-cad-cam\/ips-e-max-cad\/"},"modified":"2020-03-17T12:36:16","modified_gmt":"2020-03-17T11:36:16","slug":"ips-e-max-cad","status":"publish","type":"page","link":"https:\/\/phibodent.com\/it\/soluzioni\/protesi-cad-cam\/protesi-cementata\/ips-e-max-cad\/","title":{"rendered":"IPS e.max CAD"},"content":{"rendered":"","protected":false},"excerpt":{"rendered":"","protected":false},"author":3,"featured_media":0,"parent":10799,"menu_order":0,"comment_status":"closed","ping_status":"closed","template":"template-materiales.php","meta":[],"yoast_head":"<!-- This site is optimized with the Yoast SEO plugin v17.6 - https:\/\/yoast.com\/wordpress\/plugins\/seo\/ -->\n<title>IPS e.max CAD | Phibo<\/title>\n<meta name=\"robots\" content=\"index, follow, max-snippet:-1, max-image-preview:large, max-video-preview:-1\" \/>\n<link rel=\"canonical\" href=\"https:\/\/phibodent.com\/it\/soluzioni\/protesi-cad-cam\/protesi-cementata\/ips-e-max-cad\/\" \/>\n<meta property=\"og:locale\" content=\"it_IT\" \/>\n<meta property=\"og:type\" content=\"article\" \/>\n<meta property=\"og:title\" content=\"IPS e.max CAD | Phibo\" \/>\n<meta property=\"og:url\" content=\"https:\/\/phibodent.com\/it\/soluzioni\/protesi-cad-cam\/protesi-cementata\/ips-e-max-cad\/\" \/>\n<meta property=\"og:site_name\" content=\"Phibo\" \/>\n<meta property=\"article:modified_time\" content=\"2020-03-17T11:36:16+00:00\" \/>\n<meta name=\"twitter:card\" content=\"summary_large_image\" \/>\n<script type=\"application\/ld+json\" class=\"yoast-schema-graph\">{\"@context\":\"https:\/\/schema.org\",\"@graph\":[{\"@type\":\"Organization\",\"@id\":\"https:\/\/phibodent.com\/en\/#organization\",\"name\":\"Phibo\",\"url\":\"https:\/\/phibodent.com\/en\/\",\"sameAs\":[],\"logo\":{\"@type\":\"ImageObject\",\"@id\":\"https:\/\/phibodent.com\/en\/#logo\",\"inLanguage\":\"it-IT\",\"url\":\"https:\/\/phibo.com\/wp-content\/uploads\/admin-logo.png\",\"contentUrl\":\"https:\/\/phibo.com\/wp-content\/uploads\/admin-logo.png\",\"width\":1224,\"height\":575,\"caption\":\"Phibo\"},\"image\":{\"@id\":\"https:\/\/phibodent.com\/en\/#logo\"}},{\"@type\":\"WebSite\",\"@id\":\"https:\/\/phibodent.com\/en\/#website\",\"url\":\"https:\/\/phibodent.com\/en\/\",\"name\":\"Phibo\",\"description\":\"Compa\\u00f1\\u00eda de referencia en odontolog\\u00eda digital que promueve el crecimiento a trav\\u00e9s de soluciones innovadoras\",\"publisher\":{\"@id\":\"https:\/\/phibodent.com\/en\/#organization\"},\"potentialAction\":[{\"@type\":\"SearchAction\",\"target\":{\"@type\":\"EntryPoint\",\"urlTemplate\":\"https:\/\/phibodent.com\/en\/?s={search_term_string}\"},\"query-input\":\"required name=search_term_string\"}],\"inLanguage\":\"it-IT\"},{\"@type\":\"WebPage\",\"@id\":\"https:\/\/phibodent.com\/it\/soluzioni\/protesi-cad-cam\/protesi-cementata\/ips-e-max-cad\/#webpage\",\"url\":\"https:\/\/phibodent.com\/it\/soluzioni\/protesi-cad-cam\/protesi-cementata\/ips-e-max-cad\/\",\"name\":\"IPS e.max CAD | Phibo\",\"isPartOf\":{\"@id\":\"https:\/\/phibodent.com\/en\/#website\"},\"datePublished\":\"2020-02-11T16:34:18+00:00\",\"dateModified\":\"2020-03-17T11:36:16+00:00\",\"breadcrumb\":{\"@id\":\"https:\/\/phibodent.com\/it\/soluzioni\/protesi-cad-cam\/protesi-cementata\/ips-e-max-cad\/#breadcrumb\"},\"inLanguage\":\"it-IT\",\"potentialAction\":[{\"@type\":\"ReadAction\",\"target\":[\"https:\/\/phibodent.com\/it\/soluzioni\/protesi-cad-cam\/protesi-cementata\/ips-e-max-cad\/\"]}]},{\"@type\":\"BreadcrumbList\",\"@id\":\"https:\/\/phibodent.com\/it\/soluzioni\/protesi-cad-cam\/protesi-cementata\/ips-e-max-cad\/#breadcrumb\",\"itemListElement\":[{\"@type\":\"ListItem\",\"position\":1,\"name\":\"\",\"item\":\"https:\/\/phibodent.com\/it\/\"},{\"@type\":\"ListItem\",\"position\":2,\"name\":\"Soluzioni\",\"item\":\"https:\/\/phibodent.com\/it\/soluzioni\/\"},{\"@type\":\"ListItem\",\"position\":3,\"name\":\"Protesi CAD-CAM\",\"item\":\"https:\/\/phibodent.com\/it\/soluzioni\/protesi-cad-cam\/\"},{\"@type\":\"ListItem\",\"position\":4,\"name\":\"Protesi cementata\",\"item\":\"https:\/\/phibodent.com\/it\/soluzioni\/protesi-cad-cam\/protesi-cementata\/\"},{\"@type\":\"ListItem\",\"position\":5,\"name\":\"IPS e.max CAD\"}]}]}<\/script>\n<!-- \/ Yoast SEO plugin. -->","yoast_head_json":{"title":"IPS e.max CAD | Phibo","robots":{"index":"index","follow":"follow","max-snippet":"max-snippet:-1","max-image-preview":"max-image-preview:large","max-video-preview":"max-video-preview:-1"},"canonical":"https:\/\/phibodent.com\/it\/soluzioni\/protesi-cad-cam\/protesi-cementata\/ips-e-max-cad\/","og_locale":"it_IT","og_type":"article","og_title":"IPS e.max CAD | Phibo","og_url":"https:\/\/phibodent.com\/it\/soluzioni\/protesi-cad-cam\/protesi-cementata\/ips-e-max-cad\/","og_site_name":"Phibo","article_modified_time":"2020-03-17T11:36:16+00:00","twitter_card":"summary_large_image","schema":{"@context":"https:\/\/schema.org","@graph":[{"@type":"Organization","@id":"https:\/\/phibodent.com\/en\/#organization","name":"Phibo","url":"https:\/\/phibodent.com\/en\/","sameAs":[],"logo":{"@type":"ImageObject","@id":"https:\/\/phibodent.com\/en\/#logo","inLanguage":"it-IT","url":"https:\/\/phibo.com\/wp-content\/uploads\/admin-logo.png","contentUrl":"https:\/\/phibo.com\/wp-content\/uploads\/admin-logo.png","width":1224,"height":575,"caption":"Phibo"},"image":{"@id":"https:\/\/phibodent.com\/en\/#logo"}},{"@type":"WebSite","@id":"https:\/\/phibodent.com\/en\/#website","url":"https:\/\/phibodent.com\/en\/","name":"Phibo","description":"Compa\u00f1\u00eda de referencia en odontolog\u00eda digital que promueve el crecimiento a trav\u00e9s de soluciones innovadoras","publisher":{"@id":"https:\/\/phibodent.com\/en\/#organization"},"potentialAction":[{"@type":"SearchAction","target":{"@type":"EntryPoint","urlTemplate":"https:\/\/phibodent.com\/en\/?s={search_term_string}"},"query-input":"required name=search_term_string"}],"inLanguage":"it-IT"},{"@type":"WebPage","@id":"https:\/\/phibodent.com\/it\/soluzioni\/protesi-cad-cam\/protesi-cementata\/ips-e-max-cad\/#webpage","url":"https:\/\/phibodent.com\/it\/soluzioni\/protesi-cad-cam\/protesi-cementata\/ips-e-max-cad\/","name":"IPS e.max CAD | Phibo","isPartOf":{"@id":"https:\/\/phibodent.com\/en\/#website"},"datePublished":"2020-02-11T16:34:18+00:00","dateModified":"2020-03-17T11:36:16+00:00","breadcrumb":{"@id":"https:\/\/phibodent.com\/it\/soluzioni\/protesi-cad-cam\/protesi-cementata\/ips-e-max-cad\/#breadcrumb"},"inLanguage":"it-IT","potentialAction":[{"@type":"ReadAction","target":["https:\/\/phibodent.com\/it\/soluzioni\/protesi-cad-cam\/protesi-cementata\/ips-e-max-cad\/"]}]},{"@type":"BreadcrumbList","@id":"https:\/\/phibodent.com\/it\/soluzioni\/protesi-cad-cam\/protesi-cementata\/ips-e-max-cad\/#breadcrumb","itemListElement":[{"@type":"ListItem","position":1,"name":"","item":"https:\/\/phibodent.com\/it\/"},{"@type":"ListItem","position":2,"name":"Soluzioni","item":"https:\/\/phibodent.com\/it\/soluzioni\/"},{"@type":"ListItem","position":3,"name":"Protesi CAD-CAM","item":"https:\/\/phibodent.com\/it\/soluzioni\/protesi-cad-cam\/"},{"@type":"ListItem","position":4,"name":"Protesi cementata","item":"https:\/\/phibodent.com\/it\/soluzioni\/protesi-cad-cam\/protesi-cementata\/"},{"@type":"ListItem","position":5,"name":"IPS e.max CAD"}]}]}},"_links":{"self":[{"href":"https:\/\/phibodent.com\/it\/wp-json\/wp\/v2\/pages\/10838"}],"collection":[{"href":"https:\/\/phibodent.com\/it\/wp-json\/wp\/v2\/pages"}],"about":[{"href":"https:\/\/phibodent.com\/it\/wp-json\/wp\/v2\/types\/page"}],"author":[{"embeddable":true,"href":"https:\/\/phibodent.com\/it\/wp-json\/wp\/v2\/users\/3"}],"replies":[{"embeddable":true,"href":"https:\/\/phibodent.com\/it\/wp-json\/wp\/v2\/comments?post=10838"}],"version-history":[{"count":3,"href":"https:\/\/phibodent.com\/it\/wp-json\/wp\/v2\/pages\/10838\/revisions"}],"predecessor-version":[{"id":11462,"href":"https:\/\/phibodent.com\/it\/wp-json\/wp\/v2\/pages\/10838\/revisions\/11462"}],"up":[{"embeddable":true,"href":"https:\/\/phibodent.com\/it\/wp-json\/wp\/v2\/pages\/10799"}],"wp:attachment":[{"href":"https:\/\/phibodent.com\/it\/wp-json\/wp\/v2\/media?parent=10838"}],"curies":[{"name":"wp","href":"https:\/\/api.w.org\/{rel}","templated":true}]}}